{"id":19,"date":"2021-04-21T12:22:56","date_gmt":"2021-04-21T15:22:56","guid":{"rendered":"http:\/\/ipds.com.ar\/?page_id=19"},"modified":"2021-08-04T15:04:20","modified_gmt":"2021-08-04T18:04:20","slug":"proyectos","status":"publish","type":"page","link":"https:\/\/ipds.com.ar\/en\/projects\/","title":{"rendered":"Projects"},"content":{"rendered":"<div data-elementor-type=\"wp-page\" data-elementor-id=\"19\" class=\"elementor elementor-19\" data-elementor-post-type=\"page\">\n\t\t\t\t\t\t<section class=\"elementor-section elementor-top-section elementor-element elementor-element-5dfbb2a elementor-section-boxed elementor-section-height-default elementor-section-height-default\" data-id=\"5dfbb2a\" data-element_type=\"section\" data-e-type=\"section\">\n\t\t\t\t\t\t<div class=\"elementor-container elementor-column-gap-default\">\n\t\t\t\t\t<div class=\"elementor-column elementor-col-50 elementor-top-column elementor-element elementor-element-dbd7ed1 elementor-invisible\" data-id=\"dbd7ed1\" data-element_type=\"column\" data-e-type=\"column\" data-settings=\"{&quot;animation&quot;:&quot;fadeInLeft&quot;}\">\n\t\t\t<div class=\"elementor-widget-wrap elementor-element-populated\">\n\t\t\t\t\t\t<div class=\"elementor-element elementor-element-db3eb86 elementor-position-inline-start elementor-view-default elementor-mobile-position-block-start elementor-widget elementor-widget-icon-box\" data-id=\"db3eb86\" data-element_type=\"widget\" data-e-type=\"widget\" data-widget_type=\"icon-box.default\">\n\t\t\t\t<div class=\"elementor-widget-container\">\n\t\t\t\t\t\t\t<div class=\"elementor-icon-box-wrapper\">\n\n\t\t\t\t\t\t<div class=\"elementor-icon-box-icon\">\n\t\t\t\t<span  class=\"elementor-icon\">\n\t\t\t\t<i aria-hidden=\"true\" class=\"fas fa-check-circle\"><\/i>\t\t\t\t<\/span>\n\t\t\t<\/div>\n\t\t\t\n\t\t\t\t\t\t<div class=\"elementor-icon-box-content\">\n\n\t\t\t\t\t\t\t\t\t<h2 class=\"elementor-icon-box-title\">\n\t\t\t\t\t\t<span  >\n\t\t\t\t\t\t\tDetailed electrical engineering and automation for a pumping station in the province of Santiago del Estero.\t\t\t\t\t\t<\/span>\n\t\t\t\t\t<\/h2>\n\t\t\t\t\n\t\t\t\t\n\t\t\t<\/div>\n\t\t\t\n\t\t<\/div>\n\t\t\t\t\t\t<\/div>\n\t\t\t\t<\/div>\n\t\t\t\t<div class=\"elementor-element elementor-element-b8a43e9 elementor-widget elementor-widget-text-editor\" data-id=\"b8a43e9\" data-element_type=\"widget\" data-e-type=\"widget\" data-widget_type=\"text-editor.default\">\n\t\t\t\t<div class=\"elementor-widget-container\">\n\t\t\t\t\t\t\t\t\t<p>From the moment we were invited to collaborate in this project, it was an extra motivation, knowing that we were helping more people have access to drinking water.<\/p><p>Pumping stations are a fundamental element in all hydraulic systems. The set of elements that, together with the pumps, serve to give and control the pressure in the facilities as well as supply flow, are in the pumping station. It is here where electrical design and automation take on greater prominence and this is what differentiates us from our competitors, since we offer an optimized solution, exploiting our power in conjunction with Schneider Electric.<\/p><p>Hydraulic pumps have characteristic curves that represent the flow and pressure that they can provide in an installation. It is our job to protect and operate them efficiently, so that a constant flow of feed is maintained.<\/p><p>In addition, the power factor is corrected and a Network input and a Group input are presented, for emergency power.<\/p>\t\t\t\t\t\t\t\t<\/div>\n\t\t\t\t<\/div>\n\t\t\t\t\t<\/div>\n\t\t<\/div>\n\t\t\t\t<div class=\"elementor-column elementor-col-50 elementor-top-column elementor-element elementor-element-e928ff4 elementor-invisible\" data-id=\"e928ff4\" data-element_type=\"column\" data-e-type=\"column\" data-settings=\"{&quot;animation&quot;:&quot;fadeInRight&quot;}\">\n\t\t\t<div class=\"elementor-widget-wrap elementor-element-populated\">\n\t\t\t\t\t\t<div class=\"elementor-element elementor-element-9563db1 elementor-arrows-position-inside elementor-pagination-position-outside elementor-widget elementor-widget-image-carousel\" data-id=\"9563db1\" data-element_type=\"widget\" data-e-type=\"widget\" data-settings=\"{&quot;slides_to_show&quot;:&quot;1&quot;,&quot;effect&quot;:&quot;fade&quot;,&quot;navigation&quot;:&quot;both&quot;,&quot;autoplay&quot;:&quot;yes&quot;,&quot;pause_on_hover&quot;:&quot;yes&quot;,&quot;pause_on_interaction&quot;:&quot;yes&quot;,&quot;autoplay_speed&quot;:5000,&quot;infinite&quot;:&quot;yes&quot;,&quot;speed&quot;:500}\" data-widget_type=\"image-carousel.default\">\n\t\t\t\t<div class=\"elementor-widget-container\">\n\t\t\t\t\t\t\t<div class=\"elementor-image-carousel-wrapper swiper\" role=\"region\" aria-roledescription=\"carousel\" aria-label=\"Carrusel de im\u00e1genes\" dir=\"ltr\">\n\t\t\t<div class=\"elementor-image-carousel swiper-wrapper\" aria-live=\"off\">\n\t\t\t\t\t\t\t\t<div class=\"swiper-slide\" role=\"group\" aria-roledescription=\"slide\" aria-label=\"1 of 8\"><figure class=\"swiper-slide-inner\"><img decoding=\"async\" class=\"swiper-slide-image\" src=\"https:\/\/ipds.com.ar\/wp-content\/uploads\/2021\/08\/20210722_101500.jpg\" alt=\"20210722_101500\" \/><\/figure><\/div><div class=\"swiper-slide\" role=\"group\" aria-roledescription=\"slide\" aria-label=\"2 of 8\"><figure class=\"swiper-slide-inner\"><img decoding=\"async\" class=\"swiper-slide-image\" src=\"https:\/\/ipds.com.ar\/wp-content\/uploads\/2021\/08\/20210722_102144-1.jpg\" alt=\"20210722_102144\" \/><\/figure><\/div><div class=\"swiper-slide\" role=\"group\" aria-roledescription=\"slide\" aria-label=\"3 of 8\"><figure class=\"swiper-slide-inner\"><img decoding=\"async\" class=\"swiper-slide-image\" src=\"https:\/\/ipds.com.ar\/wp-content\/uploads\/2021\/08\/20210722_101605.jpg\" alt=\"20210722_101605\" \/><\/figure><\/div><div class=\"swiper-slide\" role=\"group\" aria-roledescription=\"slide\" aria-label=\"4 of 8\"><figure class=\"swiper-slide-inner\"><img decoding=\"async\" class=\"swiper-slide-image\" src=\"https:\/\/ipds.com.ar\/wp-content\/uploads\/2021\/08\/20210722_101731.jpg\" alt=\"20210722_101731\" \/><\/figure><\/div><div class=\"swiper-slide\" role=\"group\" aria-roledescription=\"slide\" aria-label=\"5 of 8\"><figure class=\"swiper-slide-inner\"><img decoding=\"async\" class=\"swiper-slide-image\" src=\"https:\/\/ipds.com.ar\/wp-content\/uploads\/2021\/08\/20210722_101932.jpg\" alt=\"20210722_101932\" \/><\/figure><\/div><div class=\"swiper-slide\" role=\"group\" aria-roledescription=\"slide\" aria-label=\"6 of 8\"><figure class=\"swiper-slide-inner\"><img decoding=\"async\" class=\"swiper-slide-image\" src=\"https:\/\/ipds.com.ar\/wp-content\/uploads\/2021\/08\/20210722_102335.jpg\" alt=\"20210722_102335\" \/><\/figure><\/div><div class=\"swiper-slide\" role=\"group\" aria-roledescription=\"slide\" aria-label=\"7 of 8\"><figure class=\"swiper-slide-inner\"><img decoding=\"async\" class=\"swiper-slide-image\" src=\"https:\/\/ipds.com.ar\/wp-content\/uploads\/2021\/08\/20210722_101731-2.jpg\" alt=\"20210722_101731-2\" \/><\/figure><\/div><div class=\"swiper-slide\" role=\"group\" aria-roledescription=\"slide\" aria-label=\"8 of 8\"><figure class=\"swiper-slide-inner\"><img decoding=\"async\" class=\"swiper-slide-image\" src=\"https:\/\/ipds.com.ar\/wp-content\/uploads\/2021\/08\/20210722_101731-1.jpg\" alt=\"20210722_101731\" \/><\/figure><\/div>\t\t\t<\/div>\n\t\t\t\t\t\t\t\t\t\t\t\t<div class=\"elementor-swiper-button elementor-swiper-button-prev\" role=\"button\" tabindex=\"0\">\n\t\t\t\t\t\t<i aria-hidden=\"true\" class=\"eicon-chevron-left\"><\/i>\t\t\t\t\t<\/div>\n\t\t\t\t\t<div class=\"elementor-swiper-button elementor-swiper-button-next\" role=\"button\" tabindex=\"0\">\n\t\t\t\t\t\t<i aria-hidden=\"true\" class=\"eicon-chevron-right\"><\/i>\t\t\t\t\t<\/div>\n\t\t\t\t\n\t\t\t\t\t\t\t\t\t<div class=\"swiper-pagination\"><\/div>\n\t\t\t\t\t\t\t\t\t<\/div>\n\t\t\t\t\t\t<\/div>\n\t\t\t\t<\/div>\n\t\t\t\t\t<\/div>\n\t\t<\/div>\n\t\t\t\t\t<\/div>\n\t\t<\/section>\n\t\t\t\t<\/div>","protected":false},"excerpt":{"rendered":"<p>Ingenier\u00eda el\u00e9ctrica de detalle y automatizaci\u00f3n, para estaci\u00f3n de bombeo en la provincia de Santiago del Estero. Desde el momento que nos invitaron a colaborar en este proyecto, fue una motivaci\u00f3n extra, saber que est\u00e1bamos contribuyendo a que m\u00e1s personas tengan acceso al agua potable. Las estaciones de bombeo son un elemento fundamental en el [&hellip;]<\/p>\n","protected":false},"author":1,"featured_media":981,"parent":0,"menu_order":0,"comment_status":"closed","ping_status":"closed","template":"","meta":{"_joinchat":[],"footnotes":""},"class_list":["post-19","page","type-page","status-publish","has-post-thumbnail","hentry"],"yoast_head":"<!-- This site is optimized with the Yoast SEO plugin v27.5 - https:\/\/yoast.com\/product\/yoast-seo-wordpress\/ -->\n<title>Proyectos - IPDS - Ingenier\u00eda para dar soluciones<\/title>\n<meta name=\"robots\" content=\"index, follow, max-snippet:-1, max-image-preview:large, max-video-preview:-1\" \/>\n<link rel=\"canonical\" href=\"https:\/\/ipds.com.ar\/en\/projects\/\" \/>\n<meta property=\"og:locale\" content=\"en_US\" \/>\n<meta property=\"og:type\" content=\"article\" \/>\n<meta property=\"og:title\" content=\"Proyectos - IPDS - Ingenier\u00eda para dar soluciones\" \/>\n<meta property=\"og:description\" content=\"Ingenier\u00eda el\u00e9ctrica de detalle y automatizaci\u00f3n, para estaci\u00f3n de bombeo en la provincia de Santiago del Estero. Desde el momento que nos invitaron a colaborar en este proyecto, fue una motivaci\u00f3n extra, saber que est\u00e1bamos contribuyendo a que m\u00e1s personas tengan acceso al agua potable. Las estaciones de bombeo son un elemento fundamental en el [&hellip;]\" \/>\n<meta property=\"og:url\" content=\"https:\/\/ipds.com.ar\/en\/projects\/\" \/>\n<meta property=\"og:site_name\" content=\"IPDS - Ingenier\u00eda para dar soluciones\" \/>\n<meta property=\"article:modified_time\" content=\"2021-08-04T18:04:20+00:00\" \/>\n<meta property=\"og:image\" content=\"https:\/\/ipds.com.ar\/wp-content\/uploads\/2021\/07\/empresabg.jpg\" \/>\n\t<meta property=\"og:image:width\" content=\"1920\" \/>\n\t<meta property=\"og:image:height\" content=\"508\" \/>\n\t<meta property=\"og:image:type\" content=\"image\/jpeg\" \/>\n<meta name=\"twitter:card\" content=\"summary_large_image\" \/>\n<meta name=\"twitter:label1\" content=\"Est. reading time\" \/>\n\t<meta name=\"twitter:data1\" content=\"3 minutes\" \/>\n<script type=\"application\/ld+json\" class=\"yoast-schema-graph\">{\"@context\":\"https:\\\/\\\/schema.org\",\"@graph\":[{\"@type\":\"WebPage\",\"@id\":\"https:\\\/\\\/ipds.com.ar\\\/en\\\/projects\\\/\",\"url\":\"https:\\\/\\\/ipds.com.ar\\\/en\\\/projects\\\/\",\"name\":\"Proyectos - IPDS - Ingenier\u00eda para dar soluciones\",\"isPartOf\":{\"@id\":\"https:\\\/\\\/ipds.com.ar\\\/#website\"},\"primaryImageOfPage\":{\"@id\":\"https:\\\/\\\/ipds.com.ar\\\/en\\\/projects\\\/#primaryimage\"},\"image\":{\"@id\":\"https:\\\/\\\/ipds.com.ar\\\/en\\\/projects\\\/#primaryimage\"},\"thumbnailUrl\":\"https:\\\/\\\/ipds.com.ar\\\/wp-content\\\/uploads\\\/2021\\\/07\\\/empresabg.jpg\",\"datePublished\":\"2021-04-21T15:22:56+00:00\",\"dateModified\":\"2021-08-04T18:04:20+00:00\",\"inLanguage\":\"en-US\",\"potentialAction\":[{\"@type\":\"ReadAction\",\"target\":[\"https:\\\/\\\/ipds.com.ar\\\/en\\\/projects\\\/\"]}]},{\"@type\":\"ImageObject\",\"inLanguage\":\"en-US\",\"@id\":\"https:\\\/\\\/ipds.com.ar\\\/en\\\/projects\\\/#primaryimage\",\"url\":\"https:\\\/\\\/ipds.com.ar\\\/wp-content\\\/uploads\\\/2021\\\/07\\\/empresabg.jpg\",\"contentUrl\":\"https:\\\/\\\/ipds.com.ar\\\/wp-content\\\/uploads\\\/2021\\\/07\\\/empresabg.jpg\",\"width\":1920,\"height\":508},{\"@type\":\"WebSite\",\"@id\":\"https:\\\/\\\/ipds.com.ar\\\/#website\",\"url\":\"https:\\\/\\\/ipds.com.ar\\\/\",\"name\":\"IPDS - Ingenier\u00eda para dar soluciones\",\"description\":\"L\u00edderes en Ingenier\u00eda y Automatizaci\u00f3n\",\"publisher\":{\"@id\":\"https:\\\/\\\/ipds.com.ar\\\/#organization\"},\"potentialAction\":[{\"@type\":\"SearchAction\",\"target\":{\"@type\":\"EntryPoint\",\"urlTemplate\":\"https:\\\/\\\/ipds.com.ar\\\/?s={search_term_string}\"},\"query-input\":{\"@type\":\"PropertyValueSpecification\",\"valueRequired\":true,\"valueName\":\"search_term_string\"}}],\"inLanguage\":\"en-US\"},{\"@type\":\"Organization\",\"@id\":\"https:\\\/\\\/ipds.com.ar\\\/#organization\",\"name\":\"IPDS - Ingenier\u00eda para dar soluciones\",\"url\":\"https:\\\/\\\/ipds.com.ar\\\/\",\"logo\":{\"@type\":\"ImageObject\",\"inLanguage\":\"en-US\",\"@id\":\"https:\\\/\\\/ipds.com.ar\\\/#\\\/schema\\\/logo\\\/image\\\/\",\"url\":\"https:\\\/\\\/ipds.com.ar\\\/wp-content\\\/uploads\\\/2021\\\/04\\\/ipds-logo.png\",\"contentUrl\":\"https:\\\/\\\/ipds.com.ar\\\/wp-content\\\/uploads\\\/2021\\\/04\\\/ipds-logo.png\",\"width\":162,\"height\":93,\"caption\":\"IPDS - Ingenier\u00eda para dar soluciones\"},\"image\":{\"@id\":\"https:\\\/\\\/ipds.com.ar\\\/#\\\/schema\\\/logo\\\/image\\\/\"}}]}<\/script>\n<!-- \/ Yoast SEO plugin. -->","yoast_head_json":{"title":"Projects - IPDS - Engineering to provide solutions","robots":{"index":"index","follow":"follow","max-snippet":"max-snippet:-1","max-image-preview":"max-image-preview:large","max-video-preview":"max-video-preview:-1"},"canonical":"https:\/\/ipds.com.ar\/en\/projects\/","og_locale":"en_US","og_type":"article","og_title":"Proyectos - IPDS - Ingenier\u00eda para dar soluciones","og_description":"Ingenier\u00eda el\u00e9ctrica de detalle y automatizaci\u00f3n, para estaci\u00f3n de bombeo en la provincia de Santiago del Estero. Desde el momento que nos invitaron a colaborar en este proyecto, fue una motivaci\u00f3n extra, saber que est\u00e1bamos contribuyendo a que m\u00e1s personas tengan acceso al agua potable. Las estaciones de bombeo son un elemento fundamental en el [&hellip;]","og_url":"https:\/\/ipds.com.ar\/en\/projects\/","og_site_name":"IPDS - Ingenier\u00eda para dar soluciones","article_modified_time":"2021-08-04T18:04:20+00:00","og_image":[{"width":1920,"height":508,"url":"https:\/\/ipds.com.ar\/wp-content\/uploads\/2021\/07\/empresabg.jpg","type":"image\/jpeg"}],"twitter_card":"summary_large_image","twitter_misc":{"Est. reading time":"3 minutes"},"schema":{"@context":"https:\/\/schema.org","@graph":[{"@type":"WebPage","@id":"https:\/\/ipds.com.ar\/en\/projects\/","url":"https:\/\/ipds.com.ar\/en\/projects\/","name":"Projects - IPDS - Engineering to provide solutions","isPartOf":{"@id":"https:\/\/ipds.com.ar\/#website"},"primaryImageOfPage":{"@id":"https:\/\/ipds.com.ar\/en\/projects\/#primaryimage"},"image":{"@id":"https:\/\/ipds.com.ar\/en\/projects\/#primaryimage"},"thumbnailUrl":"https:\/\/ipds.com.ar\/wp-content\/uploads\/2021\/07\/empresabg.jpg","datePublished":"2021-04-21T15:22:56+00:00","dateModified":"2021-08-04T18:04:20+00:00","inLanguage":"en-US","potentialAction":[{"@type":"ReadAction","target":["https:\/\/ipds.com.ar\/en\/projects\/"]}]},{"@type":"ImageObject","inLanguage":"en-US","@id":"https:\/\/ipds.com.ar\/en\/projects\/#primaryimage","url":"https:\/\/ipds.com.ar\/wp-content\/uploads\/2021\/07\/empresabg.jpg","contentUrl":"https:\/\/ipds.com.ar\/wp-content\/uploads\/2021\/07\/empresabg.jpg","width":1920,"height":508},{"@type":"WebSite","@id":"https:\/\/ipds.com.ar\/#website","url":"https:\/\/ipds.com.ar\/","name":"IPDS - Engineering to provide solutions","description":"L\u00edderes en Ingenier\u00eda y Automatizaci\u00f3n","publisher":{"@id":"https:\/\/ipds.com.ar\/#organization"},"potentialAction":[{"@type":"SearchAction","target":{"@type":"EntryPoint","urlTemplate":"https:\/\/ipds.com.ar\/?s={search_term_string}"},"query-input":{"@type":"PropertyValueSpecification","valueRequired":true,"valueName":"search_term_string"}}],"inLanguage":"en-US"},{"@type":"Organization","@id":"https:\/\/ipds.com.ar\/#organization","name":"IPDS - Engineering to provide solutions","url":"https:\/\/ipds.com.ar\/","logo":{"@type":"ImageObject","inLanguage":"en-US","@id":"https:\/\/ipds.com.ar\/#\/schema\/logo\/image\/","url":"https:\/\/ipds.com.ar\/wp-content\/uploads\/2021\/04\/ipds-logo.png","contentUrl":"https:\/\/ipds.com.ar\/wp-content\/uploads\/2021\/04\/ipds-logo.png","width":162,"height":93,"caption":"IPDS - Ingenier\u00eda para dar soluciones"},"image":{"@id":"https:\/\/ipds.com.ar\/#\/schema\/logo\/image\/"}}]}},"_links":{"self":[{"href":"https:\/\/ipds.com.ar\/en\/wp-json\/wp\/v2\/pages\/19","targetHints":{"allow":["GET"]}}],"collection":[{"href":"https:\/\/ipds.com.ar\/en\/wp-json\/wp\/v2\/pages"}],"about":[{"href":"https:\/\/ipds.com.ar\/en\/wp-json\/wp\/v2\/types\/page"}],"author":[{"embeddable":true,"href":"https:\/\/ipds.com.ar\/en\/wp-json\/wp\/v2\/users\/1"}],"replies":[{"embeddable":true,"href":"https:\/\/ipds.com.ar\/en\/wp-json\/wp\/v2\/comments?post=19"}],"version-history":[{"count":0,"href":"https:\/\/ipds.com.ar\/en\/wp-json\/wp\/v2\/pages\/19\/revisions"}],"wp:featuredmedia":[{"embeddable":true,"href":"https:\/\/ipds.com.ar\/en\/wp-json\/wp\/v2\/media\/981"}],"wp:attachment":[{"href":"https:\/\/ipds.com.ar\/en\/wp-json\/wp\/v2\/media?parent=19"}],"curies":[{"name":"wp","href":"https:\/\/api.w.org\/{rel}","templated":true}]}}