{"id":17,"date":"2021-04-21T12:22:47","date_gmt":"2021-04-21T15:22:47","guid":{"rendered":"http:\/\/ipds.com.ar\/?page_id=17"},"modified":"2021-07-09T13:33:12","modified_gmt":"2021-07-09T16:33:12","slug":"clientes","status":"publish","type":"page","link":"https:\/\/ipds.com.ar\/en\/clients\/","title":{"rendered":"Our clients"},"content":{"rendered":"<div data-elementor-type=\"wp-page\" data-elementor-id=\"17\" class=\"elementor elementor-17\" data-elementor-post-type=\"page\">\n\t\t\t\t\t\t<section class=\"elementor-section elementor-top-section elementor-element elementor-element-381b775 elementor-section-boxed elementor-section-height-default elementor-section-height-default\" data-id=\"381b775\" data-element_type=\"section\" data-e-type=\"section\">\n\t\t\t\t\t\t<div class=\"elementor-container elementor-column-gap-default\">\n\t\t\t\t\t<div class=\"elementor-column elementor-col-100 elementor-top-column elementor-element elementor-element-8fd1ed3\" data-id=\"8fd1ed3\" data-element_type=\"column\" data-e-type=\"column\">\n\t\t\t<div class=\"elementor-widget-wrap elementor-element-populated\">\n\t\t\t\t\t\t<div class=\"elementor-element elementor-element-56d6f7c gallery-spacing-custom elementor-widget elementor-widget-image-gallery\" data-id=\"56d6f7c\" data-element_type=\"widget\" data-e-type=\"widget\" data-widget_type=\"image-gallery.default\">\n\t\t\t\t<div class=\"elementor-widget-container\">\n\t\t\t\t\t\t\t<div class=\"elementor-image-gallery\">\n\t\t\t<div id='gallery-1' class='gallery galleryid-17 gallery-columns-4 gallery-size-full'><figure class='gallery-item'>\n\t\t\t<div class='gallery-icon landscape'>\n\t\t\t\t<img width=\"201\" height=\"92\" src=\"https:\/\/ipds.com.ar\/wp-content\/uploads\/2021\/07\/toledo.jpg\" class=\"attachment-full size-full\" alt=\"\" decoding=\"async\" \/>\n\t\t\t<\/div><\/figure><figure class='gallery-item'>\n\t\t\t<div class='gallery-icon landscape'>\n\t\t\t\t<img width=\"201\" height=\"92\" src=\"https:\/\/ipds.com.ar\/wp-content\/uploads\/2021\/07\/tgs.jpg\" class=\"attachment-full size-full\" alt=\"\" decoding=\"async\" \/>\n\t\t\t<\/div><\/figure><figure class='gallery-item'>\n\t\t\t<div class='gallery-icon landscape'>\n\t\t\t\t<img width=\"201\" height=\"92\" src=\"https:\/\/ipds.com.ar\/wp-content\/uploads\/2021\/07\/tgn.jpg\" class=\"attachment-full size-full\" alt=\"\" decoding=\"async\" \/>\n\t\t\t<\/div><\/figure><figure class='gallery-item'>\n\t\t\t<div class='gallery-icon landscape'>\n\t\t\t\t<img loading=\"lazy\" width=\"201\" height=\"92\" src=\"https:\/\/ipds.com.ar\/wp-content\/uploads\/2021\/07\/siemens.jpg\" class=\"attachment-full size-full\" alt=\"\" decoding=\"async\" \/>\n\t\t\t<\/div><\/figure><figure class='gallery-item'>\n\t\t\t<div class='gallery-icon landscape'>\n\t\t\t\t<img loading=\"lazy\" width=\"201\" height=\"92\" src=\"https:\/\/ipds.com.ar\/wp-content\/uploads\/2021\/07\/rkl.jpg\" class=\"attachment-full size-full\" alt=\"\" decoding=\"async\" \/>\n\t\t\t<\/div><\/figure><figure class='gallery-item'>\n\t\t\t<div class='gallery-icon landscape'>\n\t\t\t\t<img loading=\"lazy\" width=\"201\" height=\"92\" src=\"https:\/\/ipds.com.ar\/wp-content\/uploads\/2021\/07\/nutreco.jpg\" class=\"attachment-full size-full\" alt=\"\" decoding=\"async\" \/>\n\t\t\t<\/div><\/figure><figure class='gallery-item'>\n\t\t\t<div class='gallery-icon landscape'>\n\t\t\t\t<img loading=\"lazy\" width=\"201\" height=\"92\" src=\"https:\/\/ipds.com.ar\/wp-content\/uploads\/2021\/07\/havanna.jpg\" class=\"attachment-full size-full\" alt=\"\" decoding=\"async\" \/>\n\t\t\t<\/div><\/figure><figure class='gallery-item'>\n\t\t\t<div class='gallery-icon landscape'>\n\t\t\t\t<img loading=\"lazy\" width=\"201\" height=\"92\" src=\"https:\/\/ipds.com.ar\/wp-content\/uploads\/2021\/07\/fares.jpg\" class=\"attachment-full size-full\" alt=\"\" decoding=\"async\" \/>\n\t\t\t<\/div><\/figure><figure class='gallery-item'>\n\t\t\t<div class='gallery-icon landscape'>\n\t\t\t\t<img loading=\"lazy\" width=\"201\" height=\"92\" src=\"https:\/\/ipds.com.ar\/wp-content\/uploads\/2021\/07\/coiron.jpg\" class=\"attachment-full size-full\" alt=\"\" decoding=\"async\" \/>\n\t\t\t<\/div><\/figure><figure class='gallery-item'>\n\t\t\t<div class='gallery-icon landscape'>\n\t\t\t\t<img loading=\"lazy\" width=\"201\" height=\"92\" src=\"https:\/\/ipds.com.ar\/wp-content\/uploads\/2021\/07\/total.jpg\" class=\"attachment-full size-full\" alt=\"\" decoding=\"async\" \/>\n\t\t\t<\/div><\/figure><figure class='gallery-item'>\n\t\t\t<div class='gallery-icon landscape'>\n\t\t\t\t<img loading=\"lazy\" width=\"201\" height=\"92\" src=\"https:\/\/ipds.com.ar\/wp-content\/uploads\/2021\/07\/tesur.jpg\" class=\"attachment-full size-full\" alt=\"\" decoding=\"async\" \/>\n\t\t\t<\/div><\/figure><figure class='gallery-item'>\n\t\t\t<div class='gallery-icon landscape'>\n\t\t\t\t<img loading=\"lazy\" width=\"201\" height=\"92\" src=\"https:\/\/ipds.com.ar\/wp-content\/uploads\/2021\/07\/telefonica.jpg\" class=\"attachment-full size-full\" alt=\"\" decoding=\"async\" \/>\n\t\t\t<\/div><\/figure><figure class='gallery-item'>\n\t\t\t<div class='gallery-icon landscape'>\n\t\t\t\t<img loading=\"lazy\" width=\"201\" height=\"92\" src=\"https:\/\/ipds.com.ar\/wp-content\/uploads\/2021\/07\/telecom.jpg\" class=\"attachment-full size-full\" alt=\"\" decoding=\"async\" \/>\n\t\t\t<\/div><\/figure><figure class='gallery-item'>\n\t\t\t<div class='gallery-icon landscape'>\n\t\t\t\t<img loading=\"lazy\" width=\"201\" height=\"92\" src=\"https:\/\/ipds.com.ar\/wp-content\/uploads\/2021\/07\/refinor.jpg\" class=\"attachment-full size-full\" alt=\"\" decoding=\"async\" \/>\n\t\t\t<\/div><\/figure><figure class='gallery-item'>\n\t\t\t<div class='gallery-icon landscape'>\n\t\t\t\t<img loading=\"lazy\" width=\"201\" height=\"92\" src=\"https:\/\/ipds.com.ar\/wp-content\/uploads\/2021\/07\/pluspetro.jpg\" class=\"attachment-full size-full\" alt=\"\" decoding=\"async\" \/>\n\t\t\t<\/div><\/figure><figure class='gallery-item'>\n\t\t\t<div class='gallery-icon landscape'>\n\t\t\t\t<img loading=\"lazy\" width=\"201\" height=\"92\" src=\"https:\/\/ipds.com.ar\/wp-content\/uploads\/2021\/07\/pepsico.jpg\" class=\"attachment-full size-full\" alt=\"\" decoding=\"async\" \/>\n\t\t\t<\/div><\/figure><figure class='gallery-item'>\n\t\t\t<div class='gallery-icon landscape'>\n\t\t\t\t<img loading=\"lazy\" width=\"201\" height=\"92\" src=\"https:\/\/ipds.com.ar\/wp-content\/uploads\/2021\/07\/molinos.jpg\" class=\"attachment-full size-full\" alt=\"\" decoding=\"async\" \/>\n\t\t\t<\/div><\/figure><figure class='gallery-item'>\n\t\t\t<div class='gallery-icon landscape'>\n\t\t\t\t<img loading=\"lazy\" width=\"201\" height=\"92\" src=\"https:\/\/ipds.com.ar\/wp-content\/uploads\/2021\/07\/pan-american.jpg\" class=\"attachment-full size-full\" alt=\"\" decoding=\"async\" \/>\n\t\t\t<\/div><\/figure><figure class='gallery-item'>\n\t\t\t<div class='gallery-icon landscape'>\n\t\t\t\t<img loading=\"lazy\" width=\"201\" height=\"92\" src=\"https:\/\/ipds.com.ar\/wp-content\/uploads\/2021\/07\/cagnoli.jpg\" class=\"attachment-full size-full\" alt=\"\" decoding=\"async\" \/>\n\t\t\t<\/div><\/figure><figure class='gallery-item'>\n\t\t\t<div class='gallery-icon landscape'>\n\t\t\t\t<img loading=\"lazy\" width=\"201\" height=\"92\" src=\"https:\/\/ipds.com.ar\/wp-content\/uploads\/2021\/07\/cheron.jpg\" class=\"attachment-full size-full\" alt=\"\" decoding=\"async\" \/>\n\t\t\t<\/div><\/figure><figure class='gallery-item'>\n\t\t\t<div class='gallery-icon landscape'>\n\t\t\t\t<img loading=\"lazy\" width=\"201\" height=\"92\" src=\"https:\/\/ipds.com.ar\/wp-content\/uploads\/2021\/07\/fluence.jpg\" class=\"attachment-full size-full\" alt=\"\" decoding=\"async\" \/>\n\t\t\t<\/div><\/figure><figure class='gallery-item'>\n\t\t\t<div class='gallery-icon landscape'>\n\t\t\t\t<img loading=\"lazy\" width=\"201\" height=\"92\" src=\"https:\/\/ipds.com.ar\/wp-content\/uploads\/2021\/07\/fustec.jpg\" class=\"attachment-full size-full\" alt=\"\" decoding=\"async\" \/>\n\t\t\t<\/div><\/figure><figure class='gallery-item'>\n\t\t\t<div class='gallery-icon landscape'>\n\t\t\t\t<img loading=\"lazy\" width=\"201\" height=\"92\" src=\"https:\/\/ipds.com.ar\/wp-content\/uploads\/2021\/07\/gasatacama.jpg\" class=\"attachment-full size-full\" alt=\"\" decoding=\"async\" \/>\n\t\t\t<\/div><\/figure><figure class='gallery-item'>\n\t\t\t<div class='gallery-icon landscape'>\n\t\t\t\t<img loading=\"lazy\" width=\"201\" height=\"92\" src=\"https:\/\/ipds.com.ar\/wp-content\/uploads\/2021\/07\/hpc.jpg\" class=\"attachment-full size-full\" alt=\"\" decoding=\"async\" \/>\n\t\t\t<\/div><\/figure><figure class='gallery-item'>\n\t\t\t<div class='gallery-icon landscape'>\n\t\t\t\t<img loading=\"lazy\" width=\"201\" height=\"92\" src=\"https:\/\/ipds.com.ar\/wp-content\/uploads\/2021\/07\/ima.jpg\" class=\"attachment-full size-full\" alt=\"\" decoding=\"async\" \/>\n\t\t\t<\/div><\/figure><figure class='gallery-item'>\n\t\t\t<div class='gallery-icon landscape'>\n\t\t\t\t<img loading=\"lazy\" width=\"201\" height=\"92\" src=\"https:\/\/ipds.com.ar\/wp-content\/uploads\/2021\/07\/mateo.jpg\" class=\"attachment-full size-full\" alt=\"\" decoding=\"async\" \/>\n\t\t\t<\/div><\/figure><figure class='gallery-item'>\n\t\t\t<div class='gallery-icon landscape'>\n\t\t\t\t<img loading=\"lazy\" width=\"201\" height=\"92\" src=\"https:\/\/ipds.com.ar\/wp-content\/uploads\/2021\/07\/mccain.jpg\" class=\"attachment-full size-full\" alt=\"\" decoding=\"async\" \/>\n\t\t\t<\/div><\/figure><figure class='gallery-item'>\n\t\t\t<div class='gallery-icon landscape'>\n\t\t\t\t<img loading=\"lazy\" width=\"201\" height=\"92\" src=\"https:\/\/ipds.com.ar\/wp-content\/uploads\/2021\/07\/braun.jpg\" class=\"attachment-full size-full\" alt=\"\" decoding=\"async\" \/>\n\t\t\t<\/div><\/figure>\n\t\t<\/div>\n\t\t<\/div>\n\t\t\t\t\t\t<\/div>\n\t\t\t\t<\/div>\n\t\t\t\t\t<\/div>\n\t\t<\/div>\n\t\t\t\t\t<\/div>\n\t\t<\/section>\n\t\t\t\t<\/div>","protected":false},"excerpt":{"rendered":"","protected":false},"author":1,"featured_media":994,"parent":0,"menu_order":0,"comment_status":"closed","ping_status":"closed","template":"","meta":{"_joinchat":[],"footnotes":""},"class_list":["post-17","page","type-page","status-publish","has-post-thumbnail","hentry"],"yoast_head":"<!-- This site is optimized with the Yoast SEO plugin v27.5 - https:\/\/yoast.com\/product\/yoast-seo-wordpress\/ -->\n<title>Nuestros Clientes - IPDS - Ingenier\u00eda para dar soluciones<\/title>\n<meta name=\"description\" content=\"Desde Mar del Plata, con m\u00e1s de 700mts2 en nuestras instalaciones, y con equipamiento para realizar tableros en BT de hasta 6300A, proveemos soluciones a nivel nacional y en sudam\u00e9rica.\" \/>\n<meta name=\"robots\" content=\"index, follow, max-snippet:-1, max-image-preview:large, max-video-preview:-1\" \/>\n<link rel=\"canonical\" href=\"https:\/\/ipds.com.ar\/en\/clientes\/\" \/>\n<meta property=\"og:locale\" content=\"en_US\" \/>\n<meta property=\"og:type\" content=\"article\" \/>\n<meta property=\"og:title\" content=\"Nuestros Clientes - IPDS - Ingenier\u00eda para dar soluciones\" \/>\n<meta property=\"og:description\" content=\"Desde Mar del Plata, con m\u00e1s de 700mts2 en nuestras instalaciones, y con equipamiento para realizar tableros en BT de hasta 6300A, proveemos soluciones a nivel nacional y en sudam\u00e9rica.\" \/>\n<meta property=\"og:url\" content=\"https:\/\/ipds.com.ar\/en\/clientes\/\" \/>\n<meta property=\"og:site_name\" content=\"IPDS - Ingenier\u00eda para dar soluciones\" \/>\n<meta property=\"article:modified_time\" content=\"2021-07-09T16:33:12+00:00\" \/>\n<meta property=\"og:image\" content=\"https:\/\/ipds.com.ar\/wp-content\/uploads\/2021\/07\/clientesbg.jpg\" \/>\n\t<meta property=\"og:image:width\" content=\"1920\" \/>\n\t<meta property=\"og:image:height\" content=\"508\" \/>\n\t<meta property=\"og:image:type\" content=\"image\/jpeg\" \/>\n<meta name=\"twitter:card\" content=\"summary_large_image\" \/>\n<meta name=\"twitter:label1\" content=\"Est. reading time\" \/>\n\t<meta name=\"twitter:data1\" content=\"6 minutes\" \/>\n<script type=\"application\/ld+json\" class=\"yoast-schema-graph\">{\"@context\":\"https:\\\/\\\/schema.org\",\"@graph\":[{\"@type\":\"WebPage\",\"@id\":\"https:\\\/\\\/ipds.com.ar\\\/clientes\\\/\",\"url\":\"https:\\\/\\\/ipds.com.ar\\\/clientes\\\/\",\"name\":\"Nuestros Clientes - IPDS - Ingenier\u00eda para dar soluciones\",\"isPartOf\":{\"@id\":\"https:\\\/\\\/ipds.com.ar\\\/#website\"},\"primaryImageOfPage\":{\"@id\":\"https:\\\/\\\/ipds.com.ar\\\/clientes\\\/#primaryimage\"},\"image\":{\"@id\":\"https:\\\/\\\/ipds.com.ar\\\/clientes\\\/#primaryimage\"},\"thumbnailUrl\":\"https:\\\/\\\/ipds.com.ar\\\/wp-content\\\/uploads\\\/2021\\\/07\\\/clientesbg.jpg\",\"datePublished\":\"2021-04-21T15:22:47+00:00\",\"dateModified\":\"2021-07-09T16:33:12+00:00\",\"description\":\"Desde Mar del Plata, con m\u00e1s de 700mts2 en nuestras instalaciones, y con equipamiento para realizar tableros en BT de hasta 6300A, proveemos soluciones a nivel nacional y en sudam\u00e9rica.\",\"inLanguage\":\"en-US\",\"potentialAction\":[{\"@type\":\"ReadAction\",\"target\":[\"https:\\\/\\\/ipds.com.ar\\\/clientes\\\/\"]}]},{\"@type\":\"ImageObject\",\"inLanguage\":\"en-US\",\"@id\":\"https:\\\/\\\/ipds.com.ar\\\/clientes\\\/#primaryimage\",\"url\":\"https:\\\/\\\/ipds.com.ar\\\/wp-content\\\/uploads\\\/2021\\\/07\\\/clientesbg.jpg\",\"contentUrl\":\"https:\\\/\\\/ipds.com.ar\\\/wp-content\\\/uploads\\\/2021\\\/07\\\/clientesbg.jpg\",\"width\":1920,\"height\":508},{\"@type\":\"WebSite\",\"@id\":\"https:\\\/\\\/ipds.com.ar\\\/#website\",\"url\":\"https:\\\/\\\/ipds.com.ar\\\/\",\"name\":\"IPDS - Ingenier\u00eda para dar soluciones\",\"description\":\"L\u00edderes en Ingenier\u00eda y Automatizaci\u00f3n\",\"publisher\":{\"@id\":\"https:\\\/\\\/ipds.com.ar\\\/#organization\"},\"potentialAction\":[{\"@type\":\"SearchAction\",\"target\":{\"@type\":\"EntryPoint\",\"urlTemplate\":\"https:\\\/\\\/ipds.com.ar\\\/?s={search_term_string}\"},\"query-input\":{\"@type\":\"PropertyValueSpecification\",\"valueRequired\":true,\"valueName\":\"search_term_string\"}}],\"inLanguage\":\"en-US\"},{\"@type\":\"Organization\",\"@id\":\"https:\\\/\\\/ipds.com.ar\\\/#organization\",\"name\":\"IPDS - Ingenier\u00eda para dar soluciones\",\"url\":\"https:\\\/\\\/ipds.com.ar\\\/\",\"logo\":{\"@type\":\"ImageObject\",\"inLanguage\":\"en-US\",\"@id\":\"https:\\\/\\\/ipds.com.ar\\\/#\\\/schema\\\/logo\\\/image\\\/\",\"url\":\"https:\\\/\\\/ipds.com.ar\\\/wp-content\\\/uploads\\\/2021\\\/04\\\/ipds-logo.png\",\"contentUrl\":\"https:\\\/\\\/ipds.com.ar\\\/wp-content\\\/uploads\\\/2021\\\/04\\\/ipds-logo.png\",\"width\":162,\"height\":93,\"caption\":\"IPDS - Ingenier\u00eda para dar soluciones\"},\"image\":{\"@id\":\"https:\\\/\\\/ipds.com.ar\\\/#\\\/schema\\\/logo\\\/image\\\/\"}}]}<\/script>\n<!-- \/ Yoast SEO plugin. -->","yoast_head_json":{"title":"Our Clients - IPDS - Engineering to provide solutions","description":"From Mar del Plata, with more than 700mts2 in our facilities, and with equipment to make LV panels of up to 6300A, we provide solutions nationwide and in South America.","robots":{"index":"index","follow":"follow","max-snippet":"max-snippet:-1","max-image-preview":"max-image-preview:large","max-video-preview":"max-video-preview:-1"},"canonical":"https:\/\/ipds.com.ar\/en\/clientes\/","og_locale":"en_US","og_type":"article","og_title":"Nuestros Clientes - IPDS - Ingenier\u00eda para dar soluciones","og_description":"Desde Mar del Plata, con m\u00e1s de 700mts2 en nuestras instalaciones, y con equipamiento para realizar tableros en BT de hasta 6300A, proveemos soluciones a nivel nacional y en sudam\u00e9rica.","og_url":"https:\/\/ipds.com.ar\/en\/clientes\/","og_site_name":"IPDS - Ingenier\u00eda para dar soluciones","article_modified_time":"2021-07-09T16:33:12+00:00","og_image":[{"width":1920,"height":508,"url":"https:\/\/ipds.com.ar\/wp-content\/uploads\/2021\/07\/clientesbg.jpg","type":"image\/jpeg"}],"twitter_card":"summary_large_image","twitter_misc":{"Est. reading time":"6 minutes"},"schema":{"@context":"https:\/\/schema.org","@graph":[{"@type":"WebPage","@id":"https:\/\/ipds.com.ar\/clientes\/","url":"https:\/\/ipds.com.ar\/clientes\/","name":"Our Clients - IPDS - Engineering to provide solutions","isPartOf":{"@id":"https:\/\/ipds.com.ar\/#website"},"primaryImageOfPage":{"@id":"https:\/\/ipds.com.ar\/clientes\/#primaryimage"},"image":{"@id":"https:\/\/ipds.com.ar\/clientes\/#primaryimage"},"thumbnailUrl":"https:\/\/ipds.com.ar\/wp-content\/uploads\/2021\/07\/clientesbg.jpg","datePublished":"2021-04-21T15:22:47+00:00","dateModified":"2021-07-09T16:33:12+00:00","description":"From Mar del Plata, with more than 700mts2 in our facilities, and with equipment to make LV panels of up to 6300A, we provide solutions nationwide and in South America.","inLanguage":"en-US","potentialAction":[{"@type":"ReadAction","target":["https:\/\/ipds.com.ar\/clientes\/"]}]},{"@type":"ImageObject","inLanguage":"en-US","@id":"https:\/\/ipds.com.ar\/clientes\/#primaryimage","url":"https:\/\/ipds.com.ar\/wp-content\/uploads\/2021\/07\/clientesbg.jpg","contentUrl":"https:\/\/ipds.com.ar\/wp-content\/uploads\/2021\/07\/clientesbg.jpg","width":1920,"height":508},{"@type":"WebSite","@id":"https:\/\/ipds.com.ar\/#website","url":"https:\/\/ipds.com.ar\/","name":"IPDS - Engineering to provide solutions","description":"L\u00edderes en Ingenier\u00eda y Automatizaci\u00f3n","publisher":{"@id":"https:\/\/ipds.com.ar\/#organization"},"potentialAction":[{"@type":"SearchAction","target":{"@type":"EntryPoint","urlTemplate":"https:\/\/ipds.com.ar\/?s={search_term_string}"},"query-input":{"@type":"PropertyValueSpecification","valueRequired":true,"valueName":"search_term_string"}}],"inLanguage":"en-US"},{"@type":"Organization","@id":"https:\/\/ipds.com.ar\/#organization","name":"IPDS - Engineering to provide solutions","url":"https:\/\/ipds.com.ar\/","logo":{"@type":"ImageObject","inLanguage":"en-US","@id":"https:\/\/ipds.com.ar\/#\/schema\/logo\/image\/","url":"https:\/\/ipds.com.ar\/wp-content\/uploads\/2021\/04\/ipds-logo.png","contentUrl":"https:\/\/ipds.com.ar\/wp-content\/uploads\/2021\/04\/ipds-logo.png","width":162,"height":93,"caption":"IPDS - Ingenier\u00eda para dar soluciones"},"image":{"@id":"https:\/\/ipds.com.ar\/#\/schema\/logo\/image\/"}}]}},"_links":{"self":[{"href":"https:\/\/ipds.com.ar\/en\/wp-json\/wp\/v2\/pages\/17","targetHints":{"allow":["GET"]}}],"collection":[{"href":"https:\/\/ipds.com.ar\/en\/wp-json\/wp\/v2\/pages"}],"about":[{"href":"https:\/\/ipds.com.ar\/en\/wp-json\/wp\/v2\/types\/page"}],"author":[{"embeddable":true,"href":"https:\/\/ipds.com.ar\/en\/wp-json\/wp\/v2\/users\/1"}],"replies":[{"embeddable":true,"href":"https:\/\/ipds.com.ar\/en\/wp-json\/wp\/v2\/comments?post=17"}],"version-history":[{"count":0,"href":"https:\/\/ipds.com.ar\/en\/wp-json\/wp\/v2\/pages\/17\/revisions"}],"wp:featuredmedia":[{"embeddable":true,"href":"https:\/\/ipds.com.ar\/en\/wp-json\/wp\/v2\/media\/994"}],"wp:attachment":[{"href":"https:\/\/ipds.com.ar\/en\/wp-json\/wp\/v2\/media?parent=17"}],"curies":[{"name":"wp","href":"https:\/\/api.w.org\/{rel}","templated":true}]}}