{"id":13,"date":"2021-04-21T12:22:30","date_gmt":"2021-04-21T15:22:30","guid":{"rendered":"http:\/\/ipds.com.ar\/?page_id=13"},"modified":"2021-08-30T14:34:00","modified_gmt":"2021-08-30T17:34:00","slug":"empresa","status":"publish","type":"page","link":"https:\/\/ipds.com.ar\/en\/company\/","title":{"rendered":"Company"},"content":{"rendered":"<div data-elementor-type=\"wp-page\" data-elementor-id=\"13\" class=\"elementor elementor-13\" data-elementor-post-type=\"page\">\n\t\t\t\t\t\t<section class=\"elementor-section elementor-top-section elementor-element elementor-element-189a8d5 elementor-section-boxed elementor-section-height-default elementor-section-height-default\" data-id=\"189a8d5\" data-element_type=\"section\" data-e-type=\"section\">\n\t\t\t\t\t\t<div class=\"elementor-container elementor-column-gap-default\">\n\t\t\t\t\t<div class=\"elementor-column elementor-col-50 elementor-top-column elementor-element elementor-element-5393ce9 elementor-invisible\" data-id=\"5393ce9\" data-element_type=\"column\" data-e-type=\"column\" data-settings=\"{&quot;animation&quot;:&quot;fadeInLeft&quot;}\">\n\t\t\t<div class=\"elementor-widget-wrap elementor-element-populated\">\n\t\t\t\t\t\t<div class=\"elementor-element elementor-element-411a34c elementor-hidden-phone elementor-widget elementor-widget-image\" data-id=\"411a34c\" data-element_type=\"widget\" data-e-type=\"widget\" data-widget_type=\"image.default\">\n\t\t\t\t<div class=\"elementor-widget-container\">\n\t\t\t\t\t\t\t\t\t\t\t\t\t\t\t<img fetchpriority=\"high\" decoding=\"async\" width=\"468\" height=\"541\" src=\"https:\/\/ipds.com.ar\/wp-content\/uploads\/2021\/04\/tipo.png\" class=\"attachment-large size-large wp-image-774\" alt=\"\" srcset=\"https:\/\/ipds.com.ar\/wp-content\/uploads\/2021\/04\/tipo.png 468w, https:\/\/ipds.com.ar\/wp-content\/uploads\/2021\/04\/tipo-260x300.png 260w\" sizes=\"(max-width: 468px) 100vw, 468px\" \/>\t\t\t\t\t\t\t\t\t\t\t\t\t\t\t<\/div>\n\t\t\t\t<\/div>\n\t\t\t\t\t<\/div>\n\t\t<\/div>\n\t\t\t\t<div class=\"elementor-column elementor-col-50 elementor-top-column elementor-element elementor-element-81cdbc0 elementor-invisible\" data-id=\"81cdbc0\" data-element_type=\"column\" data-e-type=\"column\" data-settings=\"{&quot;animation&quot;:&quot;fadeInRight&quot;}\">\n\t\t\t<div class=\"elementor-widget-wrap elementor-element-populated\">\n\t\t\t\t\t\t<div class=\"elementor-element elementor-element-4227342 elementor-widget elementor-widget-heading\" data-id=\"4227342\" data-element_type=\"widget\" data-e-type=\"widget\" data-widget_type=\"heading.default\">\n\t\t\t\t<div class=\"elementor-widget-container\">\n\t\t\t\t\t<h2 class=\"elementor-heading-title elementor-size-default\">IPDS SRL, founded in 1993, is a leading company in the provision of Industrial Automation Solutions. \n<\/h2>\t\t\t\t<\/div>\n\t\t\t\t<\/div>\n\t\t\t\t<div class=\"elementor-element elementor-element-0571808 elementor-widget elementor-widget-text-editor\" data-id=\"0571808\" data-element_type=\"widget\" data-e-type=\"widget\" data-widget_type=\"text-editor.default\">\n\t\t\t\t<div class=\"elementor-widget-container\">\n\t\t\t\t\t\t\t\t\t<p>We specialize in engineering and manufacturing high-quality electrical panels for a wide variety of industries and applications.<\/p><p>Somos EcoXpert LV Panel certificados por Schneider Electric. Poseemos amplia experiencia en distribuci\u00f3n de energ\u00eda, control de motores y fabricaci\u00f3n de tableros el\u00e9ctricos en baja tensi\u00f3n, certificados bajo IEC61349 1&amp;2.<\/p><p>The environment and its care is a priority therefore our solutions are always oriented towards sustainability. We are committed to transforming ourselves into a sustainable industry.<\/p><p>With our team of highly trained specialists and engineers, we can provide engineering and technical support before, during and after the process.<\/p><p>We focus on providing innovative and profitable solutions to demanding industries such as Oil &amp; Gas, Water Reuse and Treatment, Wastewater Treatment, Chemical and Petrochemical Industry, Power Generation, Mining, Telecommunications, Food and Beverages, Cement, Pharmaceutical, etc. .<\/p>\t\t\t\t\t\t\t\t<\/div>\n\t\t\t\t<\/div>\n\t\t\t\t<div class=\"elementor-element elementor-element-554434a elementor-widget elementor-widget-image\" data-id=\"554434a\" data-element_type=\"widget\" data-e-type=\"widget\" data-widget_type=\"image.default\">\n\t\t\t\t<div class=\"elementor-widget-container\">\n\t\t\t\t\t\t\t\t\t\t\t\t\t\t\t<img decoding=\"async\" width=\"145\" height=\"145\" src=\"https:\/\/ipds.com.ar\/wp-content\/uploads\/2021\/04\/ecoxpert.png\" class=\"attachment-large size-large wp-image-952\" alt=\"\" \/>\t\t\t\t\t\t\t\t\t\t\t\t\t\t\t<\/div>\n\t\t\t\t<\/div>\n\t\t\t\t\t<\/div>\n\t\t<\/div>\n\t\t\t\t\t<\/div>\n\t\t<\/section>\n\t\t\t\t<section class=\"elementor-section elementor-top-section elementor-element elementor-element-155ef82 elementor-section-boxed elementor-section-height-default elementor-section-height-default\" data-id=\"155ef82\" data-element_type=\"section\" data-e-type=\"section\" data-settings=\"{&quot;background_background&quot;:&quot;classic&quot;}\">\n\t\t\t\t\t\t<div class=\"elementor-container elementor-column-gap-default\">\n\t\t\t\t\t<div class=\"elementor-column elementor-col-100 elementor-top-column elementor-element elementor-element-0badbfc elementor-invisible\" data-id=\"0badbfc\" data-element_type=\"column\" data-e-type=\"column\" data-settings=\"{&quot;animation&quot;:&quot;fadeInLeft&quot;}\">\n\t\t\t<div class=\"elementor-widget-wrap elementor-element-populated\">\n\t\t\t\t\t\t<div class=\"elementor-element elementor-element-db91e7b elementor-widget elementor-widget-text-editor\" data-id=\"db91e7b\" data-element_type=\"widget\" data-e-type=\"widget\" data-widget_type=\"text-editor.default\">\n\t\t\t\t<div class=\"elementor-widget-container\">\n\t\t\t\t\t\t\t\t\t<p>Our capabilities include comprehensive project management and implementation by offering Pre-Engineering, Engineering, Board Integration, Software Development, Simulation, FAT Testing, Installation, Commissioning and SAT Testing of systems of excellence for various industry segments.<\/p><p>From Mar del Plata, with more than 700mts2 in our facilities, and with equipment to make LV panels of up to 6300A, we provide solutions nationwide and in South America.<\/p><p>Prior to the release of our products, they are tested \/ tested using software simulations, a test console approved for FAT tests, tellurometers, megohmmeters, etc.<\/p>\t\t\t\t\t\t\t\t<\/div>\n\t\t\t\t<\/div>\n\t\t\t\t\t<\/div>\n\t\t<\/div>\n\t\t\t\t\t<\/div>\n\t\t<\/section>\n\t\t\t\t<section class=\"elementor-section elementor-top-section elementor-element elementor-element-183859f elementor-section-boxed elementor-section-height-default elementor-section-height-default\" data-id=\"183859f\" data-element_type=\"section\" data-e-type=\"section\">\n\t\t\t\t\t\t<div class=\"elementor-container elementor-column-gap-default\">\n\t\t\t\t\t<div class=\"elementor-column elementor-col-33 elementor-top-column elementor-element elementor-element-d739109 elementor-invisible\" data-id=\"d739109\" data-element_type=\"column\" data-e-type=\"column\" data-settings=\"{&quot;animation&quot;:&quot;fadeInUp&quot;}\">\n\t\t\t<div class=\"elementor-widget-wrap elementor-element-populated\">\n\t\t\t\t\t\t<div class=\"elementor-element elementor-element-0efabcd elementor-widget__width-auto elementor-widget elementor-widget-image\" data-id=\"0efabcd\" data-element_type=\"widget\" data-e-type=\"widget\" data-widget_type=\"image.default\">\n\t\t\t\t<div class=\"elementor-widget-container\">\n\t\t\t\t\t\t\t\t\t\t\t\t\t\t\t<img decoding=\"async\" width=\"70\" height=\"70\" src=\"https:\/\/ipds.com.ar\/wp-content\/uploads\/2021\/07\/ic1-1.png\" class=\"attachment-full size-full wp-image-985\" alt=\"\" \/>\t\t\t\t\t\t\t\t\t\t\t\t\t\t\t<\/div>\n\t\t\t\t<\/div>\n\t\t\t\t<div class=\"elementor-element elementor-element-89af0ad elementor-widget__width-auto elementor-widget elementor-widget-heading\" data-id=\"89af0ad\" data-element_type=\"widget\" data-e-type=\"widget\" data-widget_type=\"heading.default\">\n\t\t\t\t<div class=\"elementor-widget-container\">\n\t\t\t\t\t<h3 class=\"elementor-heading-title elementor-size-default\">Vision<\/h3>\t\t\t\t<\/div>\n\t\t\t\t<\/div>\n\t\t\t\t<div class=\"elementor-element elementor-element-5cd91ed elementor-widget elementor-widget-text-editor\" data-id=\"5cd91ed\" data-element_type=\"widget\" data-e-type=\"widget\" data-widget_type=\"text-editor.default\">\n\t\t\t\t<div class=\"elementor-widget-container\">\n\t\t\t\t\t\t\t\t\t<p>Actively pursue lasting relationships by partnering with our clients to provide quality service based on integrity, honesty, and professionalism, and remain committed to meeting the needs of our employees and clients.<\/p>\t\t\t\t\t\t\t\t<\/div>\n\t\t\t\t<\/div>\n\t\t\t\t\t<\/div>\n\t\t<\/div>\n\t\t\t\t<div class=\"elementor-column elementor-col-33 elementor-top-column elementor-element elementor-element-137fadf elementor-invisible\" data-id=\"137fadf\" data-element_type=\"column\" data-e-type=\"column\" data-settings=\"{&quot;animation&quot;:&quot;fadeInUp&quot;,&quot;animation_delay&quot;:200}\">\n\t\t\t<div class=\"elementor-widget-wrap elementor-element-populated\">\n\t\t\t\t\t\t<div class=\"elementor-element elementor-element-239afe5 elementor-widget__width-auto elementor-widget elementor-widget-image\" data-id=\"239afe5\" data-element_type=\"widget\" data-e-type=\"widget\" data-widget_type=\"image.default\">\n\t\t\t\t<div class=\"elementor-widget-container\">\n\t\t\t\t\t\t\t\t\t\t\t\t\t\t\t<img loading=\"lazy\" decoding=\"async\" width=\"70\" height=\"70\" src=\"https:\/\/ipds.com.ar\/wp-content\/uploads\/2021\/07\/ic2-1.png\" class=\"attachment-full size-full wp-image-984\" alt=\"\" \/>\t\t\t\t\t\t\t\t\t\t\t\t\t\t\t<\/div>\n\t\t\t\t<\/div>\n\t\t\t\t<div class=\"elementor-element elementor-element-88a1fd7 elementor-widget__width-auto elementor-widget elementor-widget-heading\" data-id=\"88a1fd7\" data-element_type=\"widget\" data-e-type=\"widget\" data-widget_type=\"heading.default\">\n\t\t\t\t<div class=\"elementor-widget-container\">\n\t\t\t\t\t<h3 class=\"elementor-heading-title elementor-size-default\">Mission<\/h3>\t\t\t\t<\/div>\n\t\t\t\t<\/div>\n\t\t\t\t<div class=\"elementor-element elementor-element-50a94bf elementor-widget elementor-widget-text-editor\" data-id=\"50a94bf\" data-element_type=\"widget\" data-e-type=\"widget\" data-widget_type=\"text-editor.default\">\n\t\t\t\t<div class=\"elementor-widget-container\">\n\t\t\t\t\t\t\t\t\t<p>To be a reference in the provision of Industrial Solutions, proposing the best technical and commercial condition, in an environment of loyalty and honesty, to the challenges of your company.<\/p><p>Our mission extends even further to our environment and our commitment to work together with our business partners, community organizations and stakeholders to improve our environmental quality and move towards a clean and safer place to live and work, with us and ourselves in mind. future generations.<\/p><p>In order to achieve sustainable and growing success, IPDS SRL has combined synergies and specialized resources to become the preferred partner of our network of clients.<\/p>\t\t\t\t\t\t\t\t<\/div>\n\t\t\t\t<\/div>\n\t\t\t\t\t<\/div>\n\t\t<\/div>\n\t\t\t\t<div class=\"elementor-column elementor-col-33 elementor-top-column elementor-element elementor-element-b51b272 elementor-invisible\" data-id=\"b51b272\" data-element_type=\"column\" data-e-type=\"column\" data-settings=\"{&quot;animation&quot;:&quot;fadeInUp&quot;,&quot;animation_delay&quot;:400}\">\n\t\t\t<div class=\"elementor-widget-wrap elementor-element-populated\">\n\t\t\t\t\t\t<div class=\"elementor-element elementor-element-141471b elementor-widget__width-auto elementor-widget elementor-widget-image\" data-id=\"141471b\" data-element_type=\"widget\" data-e-type=\"widget\" data-widget_type=\"image.default\">\n\t\t\t\t<div class=\"elementor-widget-container\">\n\t\t\t\t\t\t\t\t\t\t\t\t\t\t\t<img loading=\"lazy\" decoding=\"async\" width=\"70\" height=\"70\" src=\"https:\/\/ipds.com.ar\/wp-content\/uploads\/2021\/07\/ic3-1.png\" class=\"attachment-full size-full wp-image-983\" alt=\"\" \/>\t\t\t\t\t\t\t\t\t\t\t\t\t\t\t<\/div>\n\t\t\t\t<\/div>\n\t\t\t\t<div class=\"elementor-element elementor-element-09ff575 elementor-widget__width-auto elementor-widget elementor-widget-heading\" data-id=\"09ff575\" data-element_type=\"widget\" data-e-type=\"widget\" data-widget_type=\"heading.default\">\n\t\t\t\t<div class=\"elementor-widget-container\">\n\t\t\t\t\t<h3 class=\"elementor-heading-title elementor-size-default\">Values<\/h3>\t\t\t\t<\/div>\n\t\t\t\t<\/div>\n\t\t\t\t<div class=\"elementor-element elementor-element-404fe52 elementor-icon-list--layout-traditional elementor-list-item-link-full_width elementor-widget elementor-widget-icon-list\" data-id=\"404fe52\" data-element_type=\"widget\" data-e-type=\"widget\" data-widget_type=\"icon-list.default\">\n\t\t\t\t<div class=\"elementor-widget-container\">\n\t\t\t\t\t\t\t<ul class=\"elementor-icon-list-items\">\n\t\t\t\t\t\t\t<li class=\"elementor-icon-list-item\">\n\t\t\t\t\t\t\t\t\t\t\t<span class=\"elementor-icon-list-icon\">\n\t\t\t\t\t\t\t<i aria-hidden=\"true\" class=\"fas fa-check\"><\/i>\t\t\t\t\t\t<\/span>\n\t\t\t\t\t\t\t\t\t\t<span class=\"elementor-icon-list-text\">Engagement with the client<\/span>\n\t\t\t\t\t\t\t\t\t<\/li>\n\t\t\t\t\t\t\t\t<li class=\"elementor-icon-list-item\">\n\t\t\t\t\t\t\t\t\t\t\t<span class=\"elementor-icon-list-icon\">\n\t\t\t\t\t\t\t<i aria-hidden=\"true\" class=\"fas fa-check\"><\/i>\t\t\t\t\t\t<\/span>\n\t\t\t\t\t\t\t\t\t\t<span class=\"elementor-icon-list-text\">Calidad<\/span>\n\t\t\t\t\t\t\t\t\t<\/li>\n\t\t\t\t\t\t\t\t<li class=\"elementor-icon-list-item\">\n\t\t\t\t\t\t\t\t\t\t\t<span class=\"elementor-icon-list-icon\">\n\t\t\t\t\t\t\t<i aria-hidden=\"true\" class=\"fas fa-check\"><\/i>\t\t\t\t\t\t<\/span>\n\t\t\t\t\t\t\t\t\t\t<span class=\"elementor-icon-list-text\">Sustainability<\/span>\n\t\t\t\t\t\t\t\t\t<\/li>\n\t\t\t\t\t\t\t\t<li class=\"elementor-icon-list-item\">\n\t\t\t\t\t\t\t\t\t\t\t<span class=\"elementor-icon-list-icon\">\n\t\t\t\t\t\t\t<i aria-hidden=\"true\" class=\"fas fa-check\"><\/i>\t\t\t\t\t\t<\/span>\n\t\t\t\t\t\t\t\t\t\t<span class=\"elementor-icon-list-text\">Integrity<\/span>\n\t\t\t\t\t\t\t\t\t<\/li>\n\t\t\t\t\t\t\t\t<li class=\"elementor-icon-list-item\">\n\t\t\t\t\t\t\t\t\t\t\t<span class=\"elementor-icon-list-icon\">\n\t\t\t\t\t\t\t<i aria-hidden=\"true\" class=\"fas fa-check\"><\/i>\t\t\t\t\t\t<\/span>\n\t\t\t\t\t\t\t\t\t\t<span class=\"elementor-icon-list-text\">Teamwork<\/span>\n\t\t\t\t\t\t\t\t\t<\/li>\n\t\t\t\t\t\t\t\t<li class=\"elementor-icon-list-item\">\n\t\t\t\t\t\t\t\t\t\t\t<span class=\"elementor-icon-list-icon\">\n\t\t\t\t\t\t\t<i aria-hidden=\"true\" class=\"fas fa-check\"><\/i>\t\t\t\t\t\t<\/span>\n\t\t\t\t\t\t\t\t\t\t<span class=\"elementor-icon-list-text\">Respect<\/span>\n\t\t\t\t\t\t\t\t\t<\/li>\n\t\t\t\t\t\t\t\t<li class=\"elementor-icon-list-item\">\n\t\t\t\t\t\t\t\t\t\t\t<span class=\"elementor-icon-list-icon\">\n\t\t\t\t\t\t\t<i aria-hidden=\"true\" class=\"fas fa-check\"><\/i>\t\t\t\t\t\t<\/span>\n\t\t\t\t\t\t\t\t\t\t<span class=\"elementor-icon-list-text\">Good manners<\/span>\n\t\t\t\t\t\t\t\t\t<\/li>\n\t\t\t\t\t\t<\/ul>\n\t\t\t\t\t\t<\/div>\n\t\t\t\t<\/div>\n\t\t\t\t\t<\/div>\n\t\t<\/div>\n\t\t\t\t\t<\/div>\n\t\t<\/section>\n\t\t\t\t<\/div>","protected":false},"excerpt":{"rendered":"<p>IPDS SRL, fundada en 1993, es una empresa l\u00edder en la provisi\u00f3n de Soluciones de Automatizaci\u00f3n Industrial. Nos especializamos en la ingenier\u00eda y fabricaci\u00f3n de tableros el\u00e9ctricos de alta calidad para una amplia variedad de industrias y aplicaciones. Somos EcoXpert LV Panel certificados por Schneider Electric. Poseemos amplia experiencia en distribuci\u00f3n de energ\u00eda, control de [&hellip;]<\/p>\n","protected":false},"author":1,"featured_media":981,"parent":0,"menu_order":0,"comment_status":"closed","ping_status":"closed","template":"","meta":{"_joinchat":[],"footnotes":""},"class_list":["post-13","page","type-page","status-publish","has-post-thumbnail","hentry"],"yoast_head":"<!-- This site is optimized with the Yoast SEO plugin v27.5 - https:\/\/yoast.com\/product\/yoast-seo-wordpress\/ -->\n<title>Empresa - IPDS - Ingenier\u00eda para dar soluciones<\/title>\n<meta name=\"description\" content=\"El medio ambiente y su cuidado es una prioridad por lo tanto nuestras soluciones, siempre se orientan hacia la sustentabilidad. Hemos asumido el compromiso de transformarnos en una industria sustentable.\" \/>\n<meta name=\"robots\" content=\"index, follow, max-snippet:-1, max-image-preview:large, max-video-preview:-1\" \/>\n<link rel=\"canonical\" href=\"https:\/\/ipds.com.ar\/en\/empresa\/\" \/>\n<meta property=\"og:locale\" content=\"en_US\" \/>\n<meta property=\"og:type\" content=\"article\" \/>\n<meta property=\"og:title\" content=\"Empresa - IPDS - Ingenier\u00eda para dar soluciones\" \/>\n<meta property=\"og:description\" content=\"El medio ambiente y su cuidado es una prioridad por lo tanto nuestras soluciones, siempre se orientan hacia la sustentabilidad. Hemos asumido el compromiso de transformarnos en una industria sustentable.\" \/>\n<meta property=\"og:url\" content=\"https:\/\/ipds.com.ar\/en\/empresa\/\" \/>\n<meta property=\"og:site_name\" content=\"IPDS - Ingenier\u00eda para dar soluciones\" \/>\n<meta property=\"article:modified_time\" content=\"2021-08-30T17:34:00+00:00\" \/>\n<meta property=\"og:image\" content=\"https:\/\/ipds.com.ar\/wp-content\/uploads\/2021\/07\/empresabg.jpg\" \/>\n\t<meta property=\"og:image:width\" content=\"1920\" \/>\n\t<meta property=\"og:image:height\" content=\"508\" \/>\n\t<meta property=\"og:image:type\" content=\"image\/jpeg\" \/>\n<meta name=\"twitter:card\" content=\"summary_large_image\" \/>\n<meta name=\"twitter:label1\" content=\"Est. reading time\" \/>\n\t<meta name=\"twitter:data1\" content=\"3 minutes\" \/>\n<script type=\"application\/ld+json\" class=\"yoast-schema-graph\">{\"@context\":\"https:\\\/\\\/schema.org\",\"@graph\":[{\"@type\":\"WebPage\",\"@id\":\"https:\\\/\\\/ipds.com.ar\\\/empresa\\\/\",\"url\":\"https:\\\/\\\/ipds.com.ar\\\/empresa\\\/\",\"name\":\"Empresa - IPDS - Ingenier\u00eda para dar soluciones\",\"isPartOf\":{\"@id\":\"https:\\\/\\\/ipds.com.ar\\\/#website\"},\"primaryImageOfPage\":{\"@id\":\"https:\\\/\\\/ipds.com.ar\\\/empresa\\\/#primaryimage\"},\"image\":{\"@id\":\"https:\\\/\\\/ipds.com.ar\\\/empresa\\\/#primaryimage\"},\"thumbnailUrl\":\"https:\\\/\\\/ipds.com.ar\\\/wp-content\\\/uploads\\\/2021\\\/07\\\/empresabg.jpg\",\"datePublished\":\"2021-04-21T15:22:30+00:00\",\"dateModified\":\"2021-08-30T17:34:00+00:00\",\"description\":\"El medio ambiente y su cuidado es una prioridad por lo tanto nuestras soluciones, siempre se orientan hacia la sustentabilidad. Hemos asumido el compromiso de transformarnos en una industria sustentable.\",\"inLanguage\":\"en-US\",\"potentialAction\":[{\"@type\":\"ReadAction\",\"target\":[\"https:\\\/\\\/ipds.com.ar\\\/empresa\\\/\"]}]},{\"@type\":\"ImageObject\",\"inLanguage\":\"en-US\",\"@id\":\"https:\\\/\\\/ipds.com.ar\\\/empresa\\\/#primaryimage\",\"url\":\"https:\\\/\\\/ipds.com.ar\\\/wp-content\\\/uploads\\\/2021\\\/07\\\/empresabg.jpg\",\"contentUrl\":\"https:\\\/\\\/ipds.com.ar\\\/wp-content\\\/uploads\\\/2021\\\/07\\\/empresabg.jpg\",\"width\":1920,\"height\":508},{\"@type\":\"WebSite\",\"@id\":\"https:\\\/\\\/ipds.com.ar\\\/#website\",\"url\":\"https:\\\/\\\/ipds.com.ar\\\/\",\"name\":\"IPDS - Ingenier\u00eda para dar soluciones\",\"description\":\"L\u00edderes en Ingenier\u00eda y Automatizaci\u00f3n\",\"publisher\":{\"@id\":\"https:\\\/\\\/ipds.com.ar\\\/#organization\"},\"potentialAction\":[{\"@type\":\"SearchAction\",\"target\":{\"@type\":\"EntryPoint\",\"urlTemplate\":\"https:\\\/\\\/ipds.com.ar\\\/?s={search_term_string}\"},\"query-input\":{\"@type\":\"PropertyValueSpecification\",\"valueRequired\":true,\"valueName\":\"search_term_string\"}}],\"inLanguage\":\"en-US\"},{\"@type\":\"Organization\",\"@id\":\"https:\\\/\\\/ipds.com.ar\\\/#organization\",\"name\":\"IPDS - Ingenier\u00eda para dar soluciones\",\"url\":\"https:\\\/\\\/ipds.com.ar\\\/\",\"logo\":{\"@type\":\"ImageObject\",\"inLanguage\":\"en-US\",\"@id\":\"https:\\\/\\\/ipds.com.ar\\\/#\\\/schema\\\/logo\\\/image\\\/\",\"url\":\"https:\\\/\\\/ipds.com.ar\\\/wp-content\\\/uploads\\\/2021\\\/04\\\/ipds-logo.png\",\"contentUrl\":\"https:\\\/\\\/ipds.com.ar\\\/wp-content\\\/uploads\\\/2021\\\/04\\\/ipds-logo.png\",\"width\":162,\"height\":93,\"caption\":\"IPDS - Ingenier\u00eda para dar soluciones\"},\"image\":{\"@id\":\"https:\\\/\\\/ipds.com.ar\\\/#\\\/schema\\\/logo\\\/image\\\/\"}}]}<\/script>\n<!-- \/ Yoast SEO plugin. -->","yoast_head_json":{"title":"Company - IPDS - Engineering to provide solutions","description":"The environment and its care is a priority therefore our solutions are always oriented towards sustainability. We are committed to transforming ourselves into a sustainable industry.","robots":{"index":"index","follow":"follow","max-snippet":"max-snippet:-1","max-image-preview":"max-image-preview:large","max-video-preview":"max-video-preview:-1"},"canonical":"https:\/\/ipds.com.ar\/en\/empresa\/","og_locale":"en_US","og_type":"article","og_title":"Empresa - IPDS - Ingenier\u00eda para dar soluciones","og_description":"El medio ambiente y su cuidado es una prioridad por lo tanto nuestras soluciones, siempre se orientan hacia la sustentabilidad. Hemos asumido el compromiso de transformarnos en una industria sustentable.","og_url":"https:\/\/ipds.com.ar\/en\/empresa\/","og_site_name":"IPDS - Ingenier\u00eda para dar soluciones","article_modified_time":"2021-08-30T17:34:00+00:00","og_image":[{"width":1920,"height":508,"url":"https:\/\/ipds.com.ar\/wp-content\/uploads\/2021\/07\/empresabg.jpg","type":"image\/jpeg"}],"twitter_card":"summary_large_image","twitter_misc":{"Est. reading time":"3 minutes"},"schema":{"@context":"https:\/\/schema.org","@graph":[{"@type":"WebPage","@id":"https:\/\/ipds.com.ar\/empresa\/","url":"https:\/\/ipds.com.ar\/empresa\/","name":"Company - IPDS - Engineering to provide solutions","isPartOf":{"@id":"https:\/\/ipds.com.ar\/#website"},"primaryImageOfPage":{"@id":"https:\/\/ipds.com.ar\/empresa\/#primaryimage"},"image":{"@id":"https:\/\/ipds.com.ar\/empresa\/#primaryimage"},"thumbnailUrl":"https:\/\/ipds.com.ar\/wp-content\/uploads\/2021\/07\/empresabg.jpg","datePublished":"2021-04-21T15:22:30+00:00","dateModified":"2021-08-30T17:34:00+00:00","description":"The environment and its care is a priority therefore our solutions are always oriented towards sustainability. We are committed to transforming ourselves into a sustainable industry.","inLanguage":"en-US","potentialAction":[{"@type":"ReadAction","target":["https:\/\/ipds.com.ar\/empresa\/"]}]},{"@type":"ImageObject","inLanguage":"en-US","@id":"https:\/\/ipds.com.ar\/empresa\/#primaryimage","url":"https:\/\/ipds.com.ar\/wp-content\/uploads\/2021\/07\/empresabg.jpg","contentUrl":"https:\/\/ipds.com.ar\/wp-content\/uploads\/2021\/07\/empresabg.jpg","width":1920,"height":508},{"@type":"WebSite","@id":"https:\/\/ipds.com.ar\/#website","url":"https:\/\/ipds.com.ar\/","name":"IPDS - Engineering to provide solutions","description":"L\u00edderes en Ingenier\u00eda y Automatizaci\u00f3n","publisher":{"@id":"https:\/\/ipds.com.ar\/#organization"},"potentialAction":[{"@type":"SearchAction","target":{"@type":"EntryPoint","urlTemplate":"https:\/\/ipds.com.ar\/?s={search_term_string}"},"query-input":{"@type":"PropertyValueSpecification","valueRequired":true,"valueName":"search_term_string"}}],"inLanguage":"en-US"},{"@type":"Organization","@id":"https:\/\/ipds.com.ar\/#organization","name":"IPDS - Engineering to provide solutions","url":"https:\/\/ipds.com.ar\/","logo":{"@type":"ImageObject","inLanguage":"en-US","@id":"https:\/\/ipds.com.ar\/#\/schema\/logo\/image\/","url":"https:\/\/ipds.com.ar\/wp-content\/uploads\/2021\/04\/ipds-logo.png","contentUrl":"https:\/\/ipds.com.ar\/wp-content\/uploads\/2021\/04\/ipds-logo.png","width":162,"height":93,"caption":"IPDS - Ingenier\u00eda para dar soluciones"},"image":{"@id":"https:\/\/ipds.com.ar\/#\/schema\/logo\/image\/"}}]}},"_links":{"self":[{"href":"https:\/\/ipds.com.ar\/en\/wp-json\/wp\/v2\/pages\/13","targetHints":{"allow":["GET"]}}],"collection":[{"href":"https:\/\/ipds.com.ar\/en\/wp-json\/wp\/v2\/pages"}],"about":[{"href":"https:\/\/ipds.com.ar\/en\/wp-json\/wp\/v2\/types\/page"}],"author":[{"embeddable":true,"href":"https:\/\/ipds.com.ar\/en\/wp-json\/wp\/v2\/users\/1"}],"replies":[{"embeddable":true,"href":"https:\/\/ipds.com.ar\/en\/wp-json\/wp\/v2\/comments?post=13"}],"version-history":[{"count":3,"href":"https:\/\/ipds.com.ar\/en\/wp-json\/wp\/v2\/pages\/13\/revisions"}],"predecessor-version":[{"id":1310,"href":"https:\/\/ipds.com.ar\/en\/wp-json\/wp\/v2\/pages\/13\/revisions\/1310"}],"wp:featuredmedia":[{"embeddable":true,"href":"https:\/\/ipds.com.ar\/en\/wp-json\/wp\/v2\/media\/981"}],"wp:attachment":[{"href":"https:\/\/ipds.com.ar\/en\/wp-json\/wp\/v2\/media?parent=13"}],"curies":[{"name":"wp","href":"https:\/\/api.w.org\/{rel}","templated":true}]}}